{"id":3419,"date":"2023-10-07T11:27:32","date_gmt":"2023-10-07T08:27:32","guid":{"rendered":"https:\/\/www.gzdled.com.tr\/?post_type=product&#038;p=3419"},"modified":"2023-10-07T11:29:25","modified_gmt":"2023-10-07T08:29:25","slug":"ledli-armaturler-gzl-m2060-mn-kr","status":"publish","type":"product","link":"https:\/\/www.gzdled.com.tr\/?product=ledli-armaturler-gzl-m2060-mn-kr","title":{"rendered":"Ledli Armat\u00fcrler &#8211; GZL M2060 MN KR"},"content":{"rendered":"","protected":false},"excerpt":{"rendered":"<ul>\n<li>\n<div class=\"extended-container\">\n<div id=\"container\" class=\"container j-container\">\n<div class=\"row\">\n<div id=\"content\" class=\"col-sm-9 product-page-content\">\n<div class=\"product-tabs\">\n<div class=\"tabs-content\">\n<div id=\"tab-description\" class=\"tab-pane tab-content active \">\n<ul>\n<li>\n<div class=\"extended-container\">\n<div id=\"container\" class=\"container j-container\">\n<div class=\"row\">\n<div id=\"content\" class=\"col-sm-9 product-page-content\">\n<div class=\"product-tabs\">\n<div class=\"tabs-content\">\n<div id=\"tab-description\" class=\"tab-pane tab-content active \">\n<ul>\n<li><b>G\u00f6vde :<\/b>\u00a0DKP sac \u00fczeri elektrostatik boya, 304 krom \u00e7er\u00e7eve, montaj kasal\u0131<\/li>\n<li><b>\u00dcr\u00fcn \u00d6l\u00e7\u00fcs\u00fc :<\/b>\u00a011,6 x 4,7 cm<\/li>\n<li><b>I\u015f\u0131k :<\/b>\u00a0SMD Led (120 derece)<\/li>\n<li><b>Voltaj Aral\u0131\u011f\u0131 :<\/b>\u00a012\/24 Volt DC &#8211; 220 Volt AC<\/li>\n<li><b>T\u00fcketim G\u00fcc\u00fc (Watt) :<\/b>\u00a02<\/li>\n<li><b>Garanti S\u00fcresi :<\/b>\u00a02 Y\u0131l<\/li>\n<li><b>Led \u00d6mr\u00fc :<\/b>\u00a0Min. 50.000 Saat (yeterli so\u011futma sa\u011flan\u0131r ise) civar\u0131ndad\u0131r.<\/li>\n<li><b>I\u015f\u0131k Renk S\u0131cakl\u0131klar\u0131 Se\u00e7enekleri :<\/b>\u00a0Beyaz &#8211; G\u00fcn I\u015f\u0131\u011f\u0131 &#8211; Mavi &#8211; K\u0131rm\u0131z\u0131 &#8211; Ye\u015fil<\/li>\n<\/ul>\n<\/div>\n<\/div>\n<\/div>\n<\/div>\n<\/div>\n<\/div>\n<\/div>\n<\/li>\n<\/ul>\n<\/div>\n<\/div>\n<\/div>\n<\/div>\n<\/div>\n<\/div>\n<\/div>\n<\/li>\n<\/ul>\n","protected":false},"featured_media":3421,"template":"","meta":[],"product_cat":[15,91],"product_tag":[],"class_list":{"0":"post-3419","1":"product","2":"type-product","3":"status-publish","4":"has-post-thumbnail","6":"product_cat-genel","7":"product_cat-ledli-armaturler","9":"first","10":"instock","11":"shipping-taxable","12":"product-type-simple"},"_links":{"self":[{"href":"https:\/\/www.gzdled.com.tr\/index.php?rest_route=\/wp\/v2\/product\/3419","targetHints":{"allow":["GET"]}}],"collection":[{"href":"https:\/\/www.gzdled.com.tr\/index.php?rest_route=\/wp\/v2\/product"}],"about":[{"href":"https:\/\/www.gzdled.com.tr\/index.php?rest_route=\/wp\/v2\/types\/product"}],"wp:featuredmedia":[{"embeddable":true,"href":"https:\/\/www.gzdled.com.tr\/index.php?rest_route=\/wp\/v2\/media\/3421"}],"wp:attachment":[{"href":"https:\/\/www.gzdled.com.tr\/index.php?rest_route=%2Fwp%2Fv2%2Fmedia&parent=3419"}],"wp:term":[{"taxonomy":"product_cat","embeddable":true,"href":"https:\/\/www.gzdled.com.tr\/index.php?rest_route=%2Fwp%2Fv2%2Fproduct_cat&post=3419"},{"taxonomy":"product_tag","embeddable":true,"href":"https:\/\/www.gzdled.com.tr\/index.php?rest_route=%2Fwp%2Fv2%2Fproduct_tag&post=3419"}],"curies":[{"name":"wp","href":"https:\/\/api.w.org\/{rel}","templated":true}]}}