{"id":3317,"date":"2023-10-06T17:31:03","date_gmt":"2023-10-06T14:31:03","guid":{"rendered":"https:\/\/www.gzdled.com.tr\/?post_type=product&#038;p=3317"},"modified":"2023-10-06T17:31:54","modified_gmt":"2023-10-06T14:31:54","slug":"dis-mekan-aydinlatma-gzl-m3060-dca","status":"publish","type":"product","link":"https:\/\/www.gzdled.com.tr\/?product=dis-mekan-aydinlatma-gzl-m3060-dca","title":{"rendered":"D\u0131\u015f Mekan Ayd\u0131nlatma &#8211; GZL M3060 DCA"},"content":{"rendered":"","protected":false},"excerpt":{"rendered":"<ul>\n<li>\n<div class=\"extended-container\">\n<div id=\"container\" class=\"container j-container\">\n<div class=\"row\">\n<div id=\"content\" class=\"col-sm-9 product-page-content\">\n<div class=\"product-tabs\">\n<div class=\"tabs-content\">\n<div id=\"tab-description\" class=\"tab-pane tab-content active \">\n<ul>\n<li>\n<div class=\"extended-container\">\n<div id=\"container\" class=\"container j-container\">\n<div class=\"row\">\n<div id=\"content\" class=\"col-sm-9 product-page-content\">\n<div class=\"product-tabs\">\n<div class=\"tabs-content\">\n<div id=\"tab-description\" class=\"tab-pane tab-content active \">\n<ul>\n<li><b>G\u00f6vde :<\/b>\u00a0Al\u00fcminyum kum d\u00f6k\u00fcm \u00fczeri elektrostatik toz boya kasa, 304 krom kapak, temperli cam<\/li>\n<li><b>\u00dcr\u00fcn \u00d6l\u00e7\u00fcs\u00fc :<\/b><\/li>\n<li><b>I\u015f\u0131k :<\/b>\u00a060 Adet Power Led Ampul<\/li>\n<li><b>Armat\u00fcr L\u00fcmeni (lm) :<\/b>\u00a07200<\/li>\n<li><b>Voltaj Aral\u0131\u011f\u0131 :<\/b>\u00a0100-240 Volt AC aras\u0131<\/li>\n<li><b>T\u00fcketim G\u00fcc\u00fc (Watt) :<\/b>\u00a060<\/li>\n<li><b>Garanti S\u00fcresi :<\/b>\u00a02 Y\u0131l<\/li>\n<li><b>Led \u00d6mr\u00fc :<\/b>\u00a0Min. 50.000 Saat (yeterli so\u011futma sa\u011flan\u0131r ise) civar\u0131ndad\u0131r.<\/li>\n<li><b>I\u015f\u0131k Renk S\u0131cakl\u0131klar\u0131 Se\u00e7enekleri :<\/b>\u00a0Beyaz &#8211; G\u00fcn I\u015f\u0131\u011f\u0131<\/li>\n<\/ul>\n<\/div>\n<\/div>\n<\/div>\n<\/div>\n<\/div>\n<\/div>\n<\/div>\n<\/li>\n<\/ul>\n<\/div>\n<\/div>\n<\/div>\n<\/div>\n<\/div>\n<\/div>\n<\/div>\n<\/li>\n<\/ul>\n","protected":false},"featured_media":3318,"template":"","meta":[],"product_cat":[15,71],"product_tag":[],"class_list":{"0":"post-3317","1":"product","2":"type-product","3":"status-publish","4":"has-post-thumbnail","6":"product_cat-genel","7":"product_cat-kitchen-room","9":"first","10":"instock","11":"shipping-taxable","12":"product-type-simple"},"_links":{"self":[{"href":"https:\/\/www.gzdled.com.tr\/index.php?rest_route=\/wp\/v2\/product\/3317","targetHints":{"allow":["GET"]}}],"collection":[{"href":"https:\/\/www.gzdled.com.tr\/index.php?rest_route=\/wp\/v2\/product"}],"about":[{"href":"https:\/\/www.gzdled.com.tr\/index.php?rest_route=\/wp\/v2\/types\/product"}],"wp:featuredmedia":[{"embeddable":true,"href":"https:\/\/www.gzdled.com.tr\/index.php?rest_route=\/wp\/v2\/media\/3318"}],"wp:attachment":[{"href":"https:\/\/www.gzdled.com.tr\/index.php?rest_route=%2Fwp%2Fv2%2Fmedia&parent=3317"}],"wp:term":[{"taxonomy":"product_cat","embeddable":true,"href":"https:\/\/www.gzdled.com.tr\/index.php?rest_route=%2Fwp%2Fv2%2Fproduct_cat&post=3317"},{"taxonomy":"product_tag","embeddable":true,"href":"https:\/\/www.gzdled.com.tr\/index.php?rest_route=%2Fwp%2Fv2%2Fproduct_tag&post=3317"}],"curies":[{"name":"wp","href":"https:\/\/api.w.org\/{rel}","templated":true}]}}