{"id":3287,"date":"2023-10-06T16:22:23","date_gmt":"2023-10-06T13:22:23","guid":{"rendered":"https:\/\/www.gzdled.com.tr\/?post_type=product&#038;p=3287"},"modified":"2023-10-06T16:25:07","modified_gmt":"2023-10-06T13:25:07","slug":"bahce-aydinlatma-gzl-m2600-garden-star","status":"publish","type":"product","link":"https:\/\/www.gzdled.com.tr\/?product=bahce-aydinlatma-gzl-m2600-garden-star","title":{"rendered":"Bah\u00e7e Ayd\u0131nlatma &#8211; GZL M2600 Garden Star"},"content":{"rendered":"","protected":false},"excerpt":{"rendered":"<ul>\n<li><b>G\u00f6vde :<\/b>\u00a0Al\u00fcminyum d\u00f6k\u00fcm, pleksi boru<\/li>\n<li><b>\u00dcst Kapak:<\/b>\u00a0Krom veya Dkp sac \u00fczerine elektrostatik toz boya uygulamas\u0131 yap\u0131lmaktad\u0131r.<\/li>\n<li><b>\u00dcr\u00fcn \u00d6l\u00e7\u00fcs\u00fc :<\/b>\u00a056 cm<\/li>\n<li><b>I\u015f\u0131k :<\/b>\u00a0SMD Led kullan\u0131lmaktad\u0131r.<\/li>\n<li><b>Armat\u00fcr L\u00fcmeni (lm) :<\/b><\/li>\n<li><b>Voltaj Aral\u0131\u011f\u0131 :<\/b>\u00a0100 &#8211; 220 Volt AC aras\u0131<\/li>\n<li><b>Garanti S\u00fcresi :<\/b>\u00a02 Y\u0131l<\/li>\n<li><b>T\u00fcketim G\u00fcc\u00fc (Watt) :<\/b>\u00a08<\/li>\n<li><b>Led \u00d6mr\u00fc :<\/b>\u00a0Min. 50.000 Saat (yeterli so\u011futma sa\u011flan\u0131r ise) civar\u0131ndad\u0131r.<\/li>\n<li><b>I\u015f\u0131k Renk S\u0131cakl\u0131klar\u0131 Se\u00e7enekleri :<\/b>\u00a0Beyaz &#8211; G\u00fcn I\u015f\u0131\u011f\u0131 (2700 &#8211; 6500 K aras\u0131) &#8211; Mavi &#8211; K\u0131rm\u0131z\u0131 &#8211; Ye\u015fil &#8211; Amber<\/li>\n<\/ul>\n","protected":false},"featured_media":3289,"template":"","meta":[],"product_cat":[70,15,71],"product_tag":[],"class_list":{"0":"post-3287","1":"product","2":"type-product","3":"status-publish","4":"has-post-thumbnail","6":"product_cat-dining-room","7":"product_cat-genel","8":"product_cat-kitchen-room","10":"first","11":"instock","12":"shipping-taxable","13":"product-type-simple"},"_links":{"self":[{"href":"https:\/\/www.gzdled.com.tr\/index.php?rest_route=\/wp\/v2\/product\/3287","targetHints":{"allow":["GET"]}}],"collection":[{"href":"https:\/\/www.gzdled.com.tr\/index.php?rest_route=\/wp\/v2\/product"}],"about":[{"href":"https:\/\/www.gzdled.com.tr\/index.php?rest_route=\/wp\/v2\/types\/product"}],"wp:featuredmedia":[{"embeddable":true,"href":"https:\/\/www.gzdled.com.tr\/index.php?rest_route=\/wp\/v2\/media\/3289"}],"wp:attachment":[{"href":"https:\/\/www.gzdled.com.tr\/index.php?rest_route=%2Fwp%2Fv2%2Fmedia&parent=3287"}],"wp:term":[{"taxonomy":"product_cat","embeddable":true,"href":"https:\/\/www.gzdled.com.tr\/index.php?rest_route=%2Fwp%2Fv2%2Fproduct_cat&post=3287"},{"taxonomy":"product_tag","embeddable":true,"href":"https:\/\/www.gzdled.com.tr\/index.php?rest_route=%2Fwp%2Fv2%2Fproduct_tag&post=3287"}],"curies":[{"name":"wp","href":"https:\/\/api.w.org\/{rel}","templated":true}]}}