{"id":3281,"date":"2023-10-05T09:08:12","date_gmt":"2023-10-05T06:08:12","guid":{"rendered":"https:\/\/www.gzdled.com.tr\/?post_type=product&#038;p=3281"},"modified":"2023-10-05T09:10:12","modified_gmt":"2023-10-05T06:10:12","slug":"rubic-12-kk-vitrin-aydinlatma","status":"publish","type":"product","link":"https:\/\/www.gzdled.com.tr\/?product=rubic-12-kk-vitrin-aydinlatma","title":{"rendered":"RUB\u0130C 12 KK Vitrin Ayd\u0131nlatma"},"content":{"rendered":"","protected":false},"excerpt":{"rendered":"<p>RUBIC 12 KK Yeni Nesil SMD Led (COB LED)<br \/>\nG\u00f6vde \/ Body : %100 Al\u00fcminyum<br \/>\n\u00dcst Kapak \/ Top Cover : Al\u00fcminyum \u00dczerine Elekrtrostatik Toz Boya<br \/>\nBoyut \/ Dimensions : 12X12 cm<br \/>\nI\u015f\u0131k \/ Led : Yeni Nesil 35X35 Power Led<br \/>\nL\u00fcmen \/ Lumen : 2880 L<br \/>\nVoltaj \/ Volt : 200 &#8211; 240 Volt AC aras\u0131<br \/>\nG\u00fc\u00e7 \/ Watt : 20 Watt<br \/>\nRenk \/ Colour : Beyaz &#8211; G\u00fcn I\u015f\u0131\u011f\u0131 (2700K- 6500K aras\u0131)<\/p>\n","protected":false},"featured_media":3282,"template":"","meta":[],"product_cat":[15,69,67],"product_tag":[],"class_list":{"0":"post-3281","1":"product","2":"type-product","3":"status-publish","4":"has-post-thumbnail","6":"product_cat-genel","7":"product_cat-bed-room","8":"product_cat-floor-table-lamps","10":"first","11":"instock","12":"shipping-taxable","13":"product-type-simple"},"_links":{"self":[{"href":"https:\/\/www.gzdled.com.tr\/index.php?rest_route=\/wp\/v2\/product\/3281","targetHints":{"allow":["GET"]}}],"collection":[{"href":"https:\/\/www.gzdled.com.tr\/index.php?rest_route=\/wp\/v2\/product"}],"about":[{"href":"https:\/\/www.gzdled.com.tr\/index.php?rest_route=\/wp\/v2\/types\/product"}],"wp:featuredmedia":[{"embeddable":true,"href":"https:\/\/www.gzdled.com.tr\/index.php?rest_route=\/wp\/v2\/media\/3282"}],"wp:attachment":[{"href":"https:\/\/www.gzdled.com.tr\/index.php?rest_route=%2Fwp%2Fv2%2Fmedia&parent=3281"}],"wp:term":[{"taxonomy":"product_cat","embeddable":true,"href":"https:\/\/www.gzdled.com.tr\/index.php?rest_route=%2Fwp%2Fv2%2Fproduct_cat&post=3281"},{"taxonomy":"product_tag","embeddable":true,"href":"https:\/\/www.gzdled.com.tr\/index.php?rest_route=%2Fwp%2Fv2%2Fproduct_tag&post=3281"}],"curies":[{"name":"wp","href":"https:\/\/api.w.org\/{rel}","templated":true}]}}