{"id":3100,"date":"2023-10-04T15:52:53","date_gmt":"2023-10-04T12:52:53","guid":{"rendered":"https:\/\/www.gzdled.com.tr\/?post_type=product&#038;p=3100"},"modified":"2023-10-04T15:58:40","modified_gmt":"2023-10-04T12:58:40","slug":"moving-spot-5x18y-kuyumcu-aydinlatma","status":"publish","type":"product","link":"https:\/\/www.gzdled.com.tr\/?product=moving-spot-5x18y-kuyumcu-aydinlatma","title":{"rendered":"MOVING SPOT 5X18Y KUYUMCU AYDINLATMA"},"content":{"rendered":"","protected":false},"excerpt":{"rendered":"<p>MOVING SPOT 5X18Y Yeni Nesil Power Led Spot<br \/>\nG\u00f6vde \/ Body : %100 Al\u00fcminyum<br \/>\n\u00dcst Kapak \/ Top Cover :Krom veya Dkp Sac \u00dczerine Elektrostatik Toz Boya<br \/>\nBoyut \/ Dimensions : 60&#215;60 cm<br \/>\nI\u015f\u0131k \/ Led : 90 Adet Yeni Nesil Power Led<br \/>\nL\u00fcmen \/ Lumen : 16200 L<br \/>\nVoltaj \/ Volt : 200 &#8211; 240 Volt AC aras\u0131<br \/>\nG\u00fc\u00e7 \/ Watt : 145 Watt<br \/>\nRenk \/ Colour : Beyaz &#8211; G\u00fcn I\u015f\u0131\u011f\u0131 (2700 &#8211; 6500 K aras\u0131)<\/p>\n","protected":false},"featured_media":3103,"template":"","meta":[],"product_cat":[15,69,67],"product_tag":[],"class_list":{"0":"post-3100","1":"product","2":"type-product","3":"status-publish","4":"has-post-thumbnail","6":"product_cat-genel","7":"product_cat-bed-room","8":"product_cat-floor-table-lamps","10":"first","11":"instock","12":"shipping-taxable","13":"product-type-simple"},"_links":{"self":[{"href":"https:\/\/www.gzdled.com.tr\/index.php?rest_route=\/wp\/v2\/product\/3100","targetHints":{"allow":["GET"]}}],"collection":[{"href":"https:\/\/www.gzdled.com.tr\/index.php?rest_route=\/wp\/v2\/product"}],"about":[{"href":"https:\/\/www.gzdled.com.tr\/index.php?rest_route=\/wp\/v2\/types\/product"}],"wp:featuredmedia":[{"embeddable":true,"href":"https:\/\/www.gzdled.com.tr\/index.php?rest_route=\/wp\/v2\/media\/3103"}],"wp:attachment":[{"href":"https:\/\/www.gzdled.com.tr\/index.php?rest_route=%2Fwp%2Fv2%2Fmedia&parent=3100"}],"wp:term":[{"taxonomy":"product_cat","embeddable":true,"href":"https:\/\/www.gzdled.com.tr\/index.php?rest_route=%2Fwp%2Fv2%2Fproduct_cat&post=3100"},{"taxonomy":"product_tag","embeddable":true,"href":"https:\/\/www.gzdled.com.tr\/index.php?rest_route=%2Fwp%2Fv2%2Fproduct_tag&post=3100"}],"curies":[{"name":"wp","href":"https:\/\/api.w.org\/{rel}","templated":true}]}}