{"id":3097,"date":"2023-10-04T15:45:33","date_gmt":"2023-10-04T12:45:33","guid":{"rendered":"https:\/\/www.gzdled.com.tr\/?post_type=product&#038;p=3097"},"modified":"2023-10-04T15:47:21","modified_gmt":"2023-10-04T12:47:21","slug":"calibre-18-y-c-18-led-yuvarlak-vitrin-aydinlatma","status":"publish","type":"product","link":"https:\/\/www.gzdled.com.tr\/?product=calibre-18-y-c-18-led-yuvarlak-vitrin-aydinlatma","title":{"rendered":"CALIBRE 18 Y.C &#8211; 18 LED YUVARLAK Vitrin Ayd\u0131nlatma"},"content":{"rendered":"","protected":false},"excerpt":{"rendered":"<p>CALIBRE 18 Y.C Yeni Nesil Power Led Spot<br \/>\nG\u00f6vde \/ Body : %100 Al\u00fcminyum<br \/>\n\u00dcst Kapak \/ Top Cover : Dkp Sac \u00dczerine Elektrostatik Toz Boya<br \/>\nBoyut \/ Dimensions : 18 cm<br \/>\nDelik \u00c7ap \/ Diameter : 15 cm<br \/>\nI\u015f\u0131k \/ Led : 18 Adet Yeni Nesil Power Led<br \/>\nL\u00fcmen \/ Lumen : 4320 L<br \/>\nVoltaj \/ Volt : 200 &#8211; 240 Volt AC aras\u0131<br \/>\nG\u00fc\u00e7 \/ Watt : 29 Watt<br \/>\nRenk \/ Colour : Beyaz &#8211; G\u00fcn I\u015f\u0131\u011f\u0131 (2700 &#8211; 6500 K aras\u0131)<\/p>\n","protected":false},"featured_media":3098,"template":"","meta":[],"product_cat":[15,69,67],"product_tag":[],"class_list":{"0":"post-3097","1":"product","2":"type-product","3":"status-publish","4":"has-post-thumbnail","6":"product_cat-genel","7":"product_cat-bed-room","8":"product_cat-floor-table-lamps","10":"first","11":"instock","12":"shipping-taxable","13":"product-type-simple"},"_links":{"self":[{"href":"https:\/\/www.gzdled.com.tr\/index.php?rest_route=\/wp\/v2\/product\/3097","targetHints":{"allow":["GET"]}}],"collection":[{"href":"https:\/\/www.gzdled.com.tr\/index.php?rest_route=\/wp\/v2\/product"}],"about":[{"href":"https:\/\/www.gzdled.com.tr\/index.php?rest_route=\/wp\/v2\/types\/product"}],"wp:featuredmedia":[{"embeddable":true,"href":"https:\/\/www.gzdled.com.tr\/index.php?rest_route=\/wp\/v2\/media\/3098"}],"wp:attachment":[{"href":"https:\/\/www.gzdled.com.tr\/index.php?rest_route=%2Fwp%2Fv2%2Fmedia&parent=3097"}],"wp:term":[{"taxonomy":"product_cat","embeddable":true,"href":"https:\/\/www.gzdled.com.tr\/index.php?rest_route=%2Fwp%2Fv2%2Fproduct_cat&post=3097"},{"taxonomy":"product_tag","embeddable":true,"href":"https:\/\/www.gzdled.com.tr\/index.php?rest_route=%2Fwp%2Fv2%2Fproduct_tag&post=3097"}],"curies":[{"name":"wp","href":"https:\/\/api.w.org\/{rel}","templated":true}]}}