{"id":3082,"date":"2023-10-04T15:35:03","date_gmt":"2023-10-04T12:35:03","guid":{"rendered":"https:\/\/www.gzdled.com.tr\/?post_type=product&#038;p=3082"},"modified":"2023-10-04T15:36:16","modified_gmt":"2023-10-04T12:36:16","slug":"long-24-dd-s-u-24-led-siva-ustu-vitrin-aydinlatma","status":"publish","type":"product","link":"https:\/\/www.gzdled.com.tr\/?product=long-24-dd-s-u-24-led-siva-ustu-vitrin-aydinlatma","title":{"rendered":"LONG 24 DD.S.U &#8211; 24 LED SIVA USTU Vitrin Ayd\u0131nlatma"},"content":{"rendered":"","protected":false},"excerpt":{"rendered":"<p>LONG 24 DD.S.\u00dc Yeni Nesil Power Led Spot<br \/>\nG\u00f6vde \/ Body : %100 Al\u00fcminyum<br \/>\n\u00dcst Kapak \/ Top Cover : Krom veya Dkp Sac \u00dczerine Elektrostatik Toz Boya<br \/>\nKasa Tipi \/ Case Type : S\u0131va \u00dcst\u00fc<br \/>\nBoyut \/ Dimensions : 61&#215;12 cm<br \/>\nI\u015f\u0131k \/ Led : 24 Adet Yeni Nesil Power Led<br \/>\nL\u00fcmen \/ Lumen : 5760 L<br \/>\nVoltaj \/ Volt : 200 &#8211; 240 Volt AC aras\u0131<br \/>\nG\u00fc\u00e7 \/ Watt : 38 Watt<br \/>\nRenk \/ Colour : Beyaz &#8211; G\u00fcn I\u015f\u0131\u011f\u0131 (2700 &#8211; 6500 K aras\u0131)<\/p>\n","protected":false},"featured_media":3083,"template":"","meta":[],"product_cat":[15,69,67],"product_tag":[],"class_list":{"0":"post-3082","1":"product","2":"type-product","3":"status-publish","4":"has-post-thumbnail","6":"product_cat-genel","7":"product_cat-bed-room","8":"product_cat-floor-table-lamps","10":"first","11":"instock","12":"shipping-taxable","13":"product-type-simple"},"_links":{"self":[{"href":"https:\/\/www.gzdled.com.tr\/index.php?rest_route=\/wp\/v2\/product\/3082","targetHints":{"allow":["GET"]}}],"collection":[{"href":"https:\/\/www.gzdled.com.tr\/index.php?rest_route=\/wp\/v2\/product"}],"about":[{"href":"https:\/\/www.gzdled.com.tr\/index.php?rest_route=\/wp\/v2\/types\/product"}],"wp:featuredmedia":[{"embeddable":true,"href":"https:\/\/www.gzdled.com.tr\/index.php?rest_route=\/wp\/v2\/media\/3083"}],"wp:attachment":[{"href":"https:\/\/www.gzdled.com.tr\/index.php?rest_route=%2Fwp%2Fv2%2Fmedia&parent=3082"}],"wp:term":[{"taxonomy":"product_cat","embeddable":true,"href":"https:\/\/www.gzdled.com.tr\/index.php?rest_route=%2Fwp%2Fv2%2Fproduct_cat&post=3082"},{"taxonomy":"product_tag","embeddable":true,"href":"https:\/\/www.gzdled.com.tr\/index.php?rest_route=%2Fwp%2Fv2%2Fproduct_tag&post=3082"}],"curies":[{"name":"wp","href":"https:\/\/api.w.org\/{rel}","templated":true}]}}