{"id":184,"date":"2015-12-26T09:25:31","date_gmt":"2015-12-26T06:25:31","guid":{"rendered":"http:\/\/demo.snstheme.com\/wp\/hadona\/?product=cayler-sons-mesh-vest-2"},"modified":"2023-10-04T14:07:04","modified_gmt":"2023-10-04T11:07:04","slug":"raw-gunmetal-bottle-cage-lamp-gray","status":"publish","type":"product","link":"https:\/\/www.gzdled.com.tr\/?product=raw-gunmetal-bottle-cage-lamp-gray","title":{"rendered":"COLORMIX 3 &#8211; B\u00dcY\u00dcK D\u00d6NER SPOT Led Armat\u00fcr"},"content":{"rendered":"","protected":false},"excerpt":{"rendered":"<p><strong>COLORMIX 3 MOTORLU D\u00d6NER LED SPOT<\/strong><br \/>\nG\u00f6vde \/ Body : %100 Al\u00fcminyum<br \/>\n\u00dcst Kapak \/ Top Cover : Krom veya Dkp Sac \u00dczerine Elektrostatik Toz Boya<br \/>\nBoyut \/ Dimensions : 40 cm<br \/>\nDelik \u00c7ap \/ Diameter : 37,5 cm<br \/>\nI\u015f\u0131k \/ Led : 30 Adet Yeni Nesil Power Led<br \/>\nL\u00fcmen \/ Lumen : 7200 L<br \/>\nVoltaj \/ Volt : 100 &#8211; 240 Volt AC aras\u0131<br \/>\nG\u00fc\u00e7 \/ Watt : 42 Watt<br \/>\nRenk \/ Colour : Beyaz,Mavi,K\u0131rm\u0131z\u0131,Ye\u015filden Olu\u015fan Homojen Renk<\/p>\n<p>&nbsp;<\/p>\n","protected":false},"featured_media":2949,"template":"","meta":[],"product_cat":[15,69,67],"product_tag":[],"class_list":{"0":"post-184","1":"product","2":"type-product","3":"status-publish","4":"has-post-thumbnail","6":"product_cat-genel","7":"product_cat-bed-room","8":"product_cat-floor-table-lamps","10":"first","11":"instock","12":"shipping-taxable","13":"product-type-simple"},"_links":{"self":[{"href":"https:\/\/www.gzdled.com.tr\/index.php?rest_route=\/wp\/v2\/product\/184","targetHints":{"allow":["GET"]}}],"collection":[{"href":"https:\/\/www.gzdled.com.tr\/index.php?rest_route=\/wp\/v2\/product"}],"about":[{"href":"https:\/\/www.gzdled.com.tr\/index.php?rest_route=\/wp\/v2\/types\/product"}],"wp:featuredmedia":[{"embeddable":true,"href":"https:\/\/www.gzdled.com.tr\/index.php?rest_route=\/wp\/v2\/media\/2949"}],"wp:attachment":[{"href":"https:\/\/www.gzdled.com.tr\/index.php?rest_route=%2Fwp%2Fv2%2Fmedia&parent=184"}],"wp:term":[{"taxonomy":"product_cat","embeddable":true,"href":"https:\/\/www.gzdled.com.tr\/index.php?rest_route=%2Fwp%2Fv2%2Fproduct_cat&post=184"},{"taxonomy":"product_tag","embeddable":true,"href":"https:\/\/www.gzdled.com.tr\/index.php?rest_route=%2Fwp%2Fv2%2Fproduct_tag&post=184"}],"curies":[{"name":"wp","href":"https:\/\/api.w.org\/{rel}","templated":true}]}}