{"id":183,"date":"2015-12-26T09:24:35","date_gmt":"2015-12-26T06:24:35","guid":{"rendered":"http:\/\/demo.snstheme.com\/wp\/hadona\/?product=shirt-in-short-sleeve-with-ditsy"},"modified":"2023-10-04T14:06:14","modified_gmt":"2023-10-04T11:06:14","slug":"preston-end-table-parquet-thre-shold","status":"publish","type":"product","link":"https:\/\/www.gzdled.com.tr\/?product=preston-end-table-parquet-thre-shold","title":{"rendered":"DOWNLIGHT SPOT &#8211; ZULTANIT SPOT Led Armat\u00fcr"},"content":{"rendered":"","protected":false},"excerpt":{"rendered":"<p><strong>DOWLIGHT SPOT ZULTAN\u0130T TA\u015eI \u0130\u00c7\u0130N AYDINLATMA SPOTU<\/strong><br \/>\nG\u00f6vde \/ Body : %100 Al\u00fcminyum<br \/>\n\u00dcst Kapak \/ Top Cover : Krom veya Dkp Sa\u00e7 \u00dczerine Elektrostatik Toz Boya<br \/>\nBoyut \/ Dimensions : 13,5 cm<br \/>\nDelik \u00c7ap \/ Diameter : 12,5 cm<br \/>\nI\u015f\u0131k \/ Led : 7 Adet Yeni Nesil Power Led<br \/>\nVoltaj \/ Volt : 100 &#8211; 240 Volt AC aras\u0131<\/p>\n","protected":false},"featured_media":2952,"template":"","meta":[],"product_cat":[15,69,67],"product_tag":[],"class_list":{"0":"post-183","1":"product","2":"type-product","3":"status-publish","4":"has-post-thumbnail","6":"product_cat-genel","7":"product_cat-bed-room","8":"product_cat-floor-table-lamps","10":"first","11":"instock","12":"shipping-taxable","13":"product-type-simple"},"_links":{"self":[{"href":"https:\/\/www.gzdled.com.tr\/index.php?rest_route=\/wp\/v2\/product\/183","targetHints":{"allow":["GET"]}}],"collection":[{"href":"https:\/\/www.gzdled.com.tr\/index.php?rest_route=\/wp\/v2\/product"}],"about":[{"href":"https:\/\/www.gzdled.com.tr\/index.php?rest_route=\/wp\/v2\/types\/product"}],"wp:featuredmedia":[{"embeddable":true,"href":"https:\/\/www.gzdled.com.tr\/index.php?rest_route=\/wp\/v2\/media\/2952"}],"wp:attachment":[{"href":"https:\/\/www.gzdled.com.tr\/index.php?rest_route=%2Fwp%2Fv2%2Fmedia&parent=183"}],"wp:term":[{"taxonomy":"product_cat","embeddable":true,"href":"https:\/\/www.gzdled.com.tr\/index.php?rest_route=%2Fwp%2Fv2%2Fproduct_cat&post=183"},{"taxonomy":"product_tag","embeddable":true,"href":"https:\/\/www.gzdled.com.tr\/index.php?rest_route=%2Fwp%2Fv2%2Fproduct_tag&post=183"}],"curies":[{"name":"wp","href":"https:\/\/api.w.org\/{rel}","templated":true}]}}