{"id":181,"date":"2015-12-26T09:20:55","date_gmt":"2015-12-26T06:20:55","guid":{"rendered":"http:\/\/demo.snstheme.com\/wp\/hadona\/?product=timberland-t-shirt-with-logo"},"modified":"2023-10-04T14:04:36","modified_gmt":"2023-10-04T11:04:36","slug":"nartina-round-cocktail-table-light-ashley","status":"publish","type":"product","link":"https:\/\/www.gzdled.com.tr\/?product=nartina-round-cocktail-table-light-ashley","title":{"rendered":"COLORMIX 4 -ELEKTRONIK YAZILIMLI &#8211; MOTORSUZ D\u00d6NER Kuyumcu Ayd\u0131nlatma"},"content":{"rendered":"","protected":false},"excerpt":{"rendered":"<p><strong>COLORMIX 4 MOTORLU D\u00d6NER LED SPOT<\/strong><br \/>\nG\u00f6vde \/ Body : %100 Al\u00fcminyum<br \/>\n\u00dcst Kapak \/ Top Cover : Krom veya Dkp Sac \u00dczerine Elektrostatik Toz Boya<br \/>\nBoyut \/ Dimensions : 24 cm<br \/>\nDelik \u00c7ap \/ Diameter : 22 cm<br \/>\nI\u015f\u0131k \/ Led : 30 Adet Yeni Nesil Power Led<br \/>\nVoltaj \/ Volt : 100 &#8211; 240 Volt AC aras\u0131<br \/>\nRenk \/ Colour : Beyaz,Mavi,K\u0131rm\u0131z\u0131,Ye\u015filden Olu\u015fan Homojen Renk<\/p>\n","protected":false},"featured_media":2966,"template":"","meta":[],"product_cat":[15,69],"product_tag":[],"class_list":{"0":"post-181","1":"product","2":"type-product","3":"status-publish","4":"has-post-thumbnail","6":"product_cat-genel","7":"product_cat-bed-room","9":"first","10":"instock","11":"shipping-taxable","12":"product-type-simple"},"_links":{"self":[{"href":"https:\/\/www.gzdled.com.tr\/index.php?rest_route=\/wp\/v2\/product\/181","targetHints":{"allow":["GET"]}}],"collection":[{"href":"https:\/\/www.gzdled.com.tr\/index.php?rest_route=\/wp\/v2\/product"}],"about":[{"href":"https:\/\/www.gzdled.com.tr\/index.php?rest_route=\/wp\/v2\/types\/product"}],"wp:featuredmedia":[{"embeddable":true,"href":"https:\/\/www.gzdled.com.tr\/index.php?rest_route=\/wp\/v2\/media\/2966"}],"wp:attachment":[{"href":"https:\/\/www.gzdled.com.tr\/index.php?rest_route=%2Fwp%2Fv2%2Fmedia&parent=181"}],"wp:term":[{"taxonomy":"product_cat","embeddable":true,"href":"https:\/\/www.gzdled.com.tr\/index.php?rest_route=%2Fwp%2Fv2%2Fproduct_cat&post=181"},{"taxonomy":"product_tag","embeddable":true,"href":"https:\/\/www.gzdled.com.tr\/index.php?rest_route=%2Fwp%2Fv2%2Fproduct_tag&post=181"}],"curies":[{"name":"wp","href":"https:\/\/api.w.org\/{rel}","templated":true}]}}