{"id":174,"date":"2015-12-26T09:04:38","date_gmt":"2015-12-26T06:04:38","guid":{"rendered":"http:\/\/demo.snstheme.com\/wp\/hadona\/?product=champion-coach-jacket-3"},"modified":"2023-10-03T16:43:55","modified_gmt":"2023-10-03T13:43:55","slug":"simply-extraordinary-console-chair-threshold","status":"publish","type":"product","link":"https:\/\/www.gzdled.com.tr\/?product=simply-extraordinary-console-chair-threshold","title":{"rendered":"MOZA\u0130K 28 D.D &#8211; 28 LED D\u0130KD\u00d6RTGEN Vitrin Ayd\u0131nlatma"},"content":{"rendered":"","protected":false},"excerpt":{"rendered":"<p><strong>MOZA\u0130K 28 D.D &#8211; 28 LED D\u0130KD\u00d6RTGEN<\/strong><\/p>\n<p><strong>\u00dcR\u00dcN A\u00c7IKLAMASI ve \u00d6ZELL\u0130KLER\u0130<\/strong><\/p>\n<p>G\u00f6vde \/ Body : %100 Al\u00fcminyum<br \/>\n\u00dcst Kapak \/ Top Cover : Krom veya Dkp Sac \u00dczerine Elektrostatik Toz Boya<br \/>\nBoyut \/ Dimensions : 36X18 cm<br \/>\nDelik \u00c7ap \/ Diameter : 31X15 cm<br \/>\nI\u015f\u0131k \/ Led : 28 Adet Yeni Nesil Power Led<br \/>\nL\u00fcmen \/ Lumen : 4760 L<br \/>\nVoltaj \/ Volt : 100 &#8211; 240 Volt AC aras\u0131<br \/>\nG\u00fc\u00e7 \/ Watt : 35 Watt<br \/>\nRenk \/ Colour : Beyaz &#8211; G\u00fcn I\u015f\u0131\u011f\u0131 (2700 &#8211; 6500 K aras\u0131)<\/p>\n","protected":false},"featured_media":2945,"template":"","meta":[],"product_cat":[15,69],"product_tag":[],"class_list":{"0":"post-174","1":"product","2":"type-product","3":"status-publish","4":"has-post-thumbnail","6":"product_cat-genel","7":"product_cat-bed-room","9":"first","10":"instock","11":"shipping-taxable","12":"product-type-simple"},"_links":{"self":[{"href":"https:\/\/www.gzdled.com.tr\/index.php?rest_route=\/wp\/v2\/product\/174","targetHints":{"allow":["GET"]}}],"collection":[{"href":"https:\/\/www.gzdled.com.tr\/index.php?rest_route=\/wp\/v2\/product"}],"about":[{"href":"https:\/\/www.gzdled.com.tr\/index.php?rest_route=\/wp\/v2\/types\/product"}],"wp:featuredmedia":[{"embeddable":true,"href":"https:\/\/www.gzdled.com.tr\/index.php?rest_route=\/wp\/v2\/media\/2945"}],"wp:attachment":[{"href":"https:\/\/www.gzdled.com.tr\/index.php?rest_route=%2Fwp%2Fv2%2Fmedia&parent=174"}],"wp:term":[{"taxonomy":"product_cat","embeddable":true,"href":"https:\/\/www.gzdled.com.tr\/index.php?rest_route=%2Fwp%2Fv2%2Fproduct_cat&post=174"},{"taxonomy":"product_tag","embeddable":true,"href":"https:\/\/www.gzdled.com.tr\/index.php?rest_route=%2Fwp%2Fv2%2Fproduct_tag&post=174"}],"curies":[{"name":"wp","href":"https:\/\/api.w.org\/{rel}","templated":true}]}}