{"id":107,"date":"2015-12-16T02:54:53","date_gmt":"2015-12-16T02:54:53","guid":{"rendered":"http:\/\/demo.snstheme.com\/wp\/hadona\/?page_id=107"},"modified":"2023-10-04T12:23:24","modified_gmt":"2023-10-04T09:23:24","slug":"home-page-1","status":"publish","type":"page","link":"https:\/\/www.gzdled.com.tr\/","title":{"rendered":"Home Page"},"content":{"rendered":"<section class=\"wpb-content-wrapper\"><p>[vc_row css=&#8221;.vc_custom_1476351364474{margin-bottom: 100px !important;}&#8221;][vc_column][sns_product_tabs title=&#8221;\u00d6ne \u00c7\u0131kanlar&#8221; list_cat=&#8221;genel,bed-room&#8221; orderby=&#8221;best_selling&#8221; cat_thumbnail=&#8221;hide&#8221;][\/vc_column][\/vc_row][vc_row full_width=&#8221;stretch_row&#8221; css=&#8221;.vc_custom_1474255452992{margin-bottom: 87px !important;padding-top: 70px !important;padding-bottom: 60px !important;background-color: #f5f5f5 !important;}&#8221;][vc_column][sns_products title=&#8221;G\u00f6rmek \u0130steyecekleriniz&#8221; type=&#8221;best_selling&#8221;][\/vc_column][\/vc_row]<\/p>\n<\/section>","protected":false},"excerpt":{"rendered":"<p>[vc_row css=&#8221;.vc_custom_1476351364474{margin-bottom: 100px !important;}&#8221;][vc_column][sns_product_tabs title=&#8221;\u00d6ne \u00c7\u0131kanlar&#8221; list_cat=&#8221;genel,bed-room&#8221; orderby=&#8221;best_selling&#8221; cat_thumbnail=&#8221;hide&#8221;][\/vc_column][\/vc_row][vc_row full_width=&#8221;stretch_row&#8221; css=&#8221;.vc_custom_1474255452992{margin-bottom: 87px !important;padding-top: 70px !important;padding-bottom: 60px !important;background-color: #f5f5f5 !important;}&#8221;][vc_column][sns_products title=&#8221;G\u00f6rmek \u0130steyecekleriniz&#8221; type=&#8221;best_selling&#8221;][\/vc_column][\/vc_row]<\/p>\n","protected":false},"author":1,"featured_media":0,"parent":0,"menu_order":0,"comment_status":"closed","ping_status":"closed","template":"fullwidth.php","meta":{"footnotes":""},"class_list":["post-107","page","type-page","status-publish","hentry"],"_links":{"self":[{"href":"https:\/\/www.gzdled.com.tr\/index.php?rest_route=\/wp\/v2\/pages\/107","targetHints":{"allow":["GET"]}}],"collection":[{"href":"https:\/\/www.gzdled.com.tr\/index.php?rest_route=\/wp\/v2\/pages"}],"about":[{"href":"https:\/\/www.gzdled.com.tr\/index.php?rest_route=\/wp\/v2\/types\/page"}],"author":[{"embeddable":true,"href":"https:\/\/www.gzdled.com.tr\/index.php?rest_route=\/wp\/v2\/users\/1"}],"replies":[{"embeddable":true,"href":"https:\/\/www.gzdled.com.tr\/index.php?rest_route=%2Fwp%2Fv2%2Fcomments&post=107"}],"version-history":[{"count":12,"href":"https:\/\/www.gzdled.com.tr\/index.php?rest_route=\/wp\/v2\/pages\/107\/revisions"}],"predecessor-version":[{"id":2986,"href":"https:\/\/www.gzdled.com.tr\/index.php?rest_route=\/wp\/v2\/pages\/107\/revisions\/2986"}],"wp:attachment":[{"href":"https:\/\/www.gzdled.com.tr\/index.php?rest_route=%2Fwp%2Fv2%2Fmedia&parent=107"}],"curies":[{"name":"wp","href":"https:\/\/api.w.org\/{rel}","templated":true}]}}